{"id":32,"date":"2023-09-26T15:28:45","date_gmt":"2023-09-26T12:28:45","guid":{"rendered":"https:\/\/www.minepatisserie.com\/?page_id=32"},"modified":"2023-10-30T16:40:11","modified_gmt":"2023-10-30T13:40:11","slug":"iletisim","status":"publish","type":"page","link":"http:\/\/www.minepatisserie.com\/index.php\/iletisim\/","title":{"rendered":"\u0130leti\u015fim"},"content":{"rendered":"<div class=\"vc_row wpb_row vc_row-fluid\"><div class=\"wpb_column vc_column_container vc_col-sm-6\"><div class=\"vc_column-inner\"><div class=\"wpb_wrapper\"><p class=\"mrg-b-30 font-small\"><\/p><div class=\"contact-info\"><ul><li><h5><i class=\"fa fa-home\"><\/i>Adres<\/h5><p>\u0130skenderun Caddesi, Y\u0131lmaz Sami Apartman\u0131, No:2\/E, \u00d6\u011fretmenler Evi Kar\u015f\u0131s\u0131,  \n         Girne, Kuzey K\u0131br\u0131s<\/p><\/li><li><h5><i class=\"fa fa-phone\"><\/i>Telefon<\/h5><p>+90 392 815 7677 \/ \n+90 533 844 82 45 \/\n+90 533 834 44 43<\/p><\/li><li><h5><i class=\"fa fa-envelope-o\"><\/i>E-Mail<\/h5><p>minepastanesi1@gmail.com<\/p><\/li><li><h5><i class=\"fa fa-calendar\"><\/i>\u00c7al\u0131\u015fma Saatlerimiz<\/h5><p>Her g\u00fcn: 06:00-22.00<\/p><\/li><\/ul><\/div><\/div><\/div><\/div><div class=\"wpb_column vc_column_container vc_col-sm-6\"><div class=\"vc_column-inner\"><div class=\"wpb_wrapper\"><div class=\"contact-form\"><div class=\"form-group\"><div class=\"row\"><div class=\"wpforms-container wpforms-container-full wpforms-render-modern\" id=\"wpforms-185\"><form id=\"wpforms-form-185\" class=\"wpforms-validate wpforms-form wpforms-ajax-form\" data-formid=\"185\" method=\"post\" enctype=\"multipart\/form-data\" action=\"\/index.php\/wp-json\/wp\/v2\/pages\/32\" data-token=\"fa999158ec0ef6dfd87da1fdfc0ec3ef\" data-token-time=\"1777557633\"><noscript class=\"wpforms-error-noscript\">Bu formu bitirebilmek i\u00e7in taray\u0131c\u0131n\u0131zda JavaScript&#039;i etkinle\u015ftirin.<\/noscript><div class=\"wpforms-hidden\" id=\"wpforms-error-noscript\">Bu formu bitirebilmek i\u00e7in taray\u0131c\u0131n\u0131zda JavaScript&#039;i etkinle\u015ftirin.<\/div><div class=\"wpforms-field-container\"><div id=\"wpforms-185-field_0-container\" class=\"wpforms-field wpforms-field-name\" data-field-id=\"0\"><fieldset><legend class=\"wpforms-field-label\">Ad\u0131 Soyad\u0131 <span class=\"wpforms-required-label\" aria-hidden=\"true\">*<\/span><\/legend><div class=\"wpforms-field-row wpforms-field-medium\"><div class=\"wpforms-field-row-block wpforms-first wpforms-one-half\"><input type=\"text\" id=\"wpforms-185-field_0\" class=\"wpforms-field-name-first wpforms-field-required\" name=\"wpforms[fields][0][first]\" aria-errormessage=\"wpforms-185-field_0-error\" required><label for=\"wpforms-185-field_0\" class=\"wpforms-field-sublabel after\">Ad<\/label><\/div><div class=\"wpforms-field-row-block wpforms-one-half\"><input type=\"text\" id=\"wpforms-185-field_0-last\" class=\"wpforms-field-name-last wpforms-field-required\" name=\"wpforms[fields][0][last]\" aria-errormessage=\"wpforms-185-field_0-last-error\" required><label for=\"wpforms-185-field_0-last\" class=\"wpforms-field-sublabel after\">Soyad<\/label><\/div><\/div><\/fieldset><\/div><div id=\"wpforms-185-field_1-container\" class=\"wpforms-field wpforms-field-email\" data-field-id=\"1\"><label class=\"wpforms-field-label\" for=\"wpforms-185-field_1\">E-posta <span class=\"wpforms-required-label\" aria-hidden=\"true\">*<\/span><\/label><input type=\"email\" id=\"wpforms-185-field_1\" class=\"wpforms-field-medium wpforms-field-required\" name=\"wpforms[fields][1]\" spellcheck=\"false\" aria-errormessage=\"wpforms-185-field_1-error\" required><\/div><div id=\"wpforms-185-field_2-container\" class=\"wpforms-field wpforms-field-textarea\" data-field-id=\"2\"><label class=\"wpforms-field-label\" for=\"wpforms-185-field_2\">Mesaj\u0131n\u0131z<\/label><textarea id=\"wpforms-185-field_2\" class=\"wpforms-field-medium\" name=\"wpforms[fields][2]\" aria-errormessage=\"wpforms-185-field_2-error\" ><\/textarea><\/div><\/div><!-- .wpforms-field-container --><div class=\"wpforms-submit-container\" ><input type=\"hidden\" name=\"wpforms[id]\" value=\"185\"><input type=\"hidden\" name=\"page_title\" value=\"\"><input type=\"hidden\" name=\"page_url\" value=\"http:\/\/www.minepatisserie.com\/index.php\/wp-json\/wp\/v2\/pages\/32\"><button type=\"submit\" name=\"wpforms[submit]\" id=\"wpforms-submit-185\" class=\"wpforms-submit\" data-alt-text=\"G\u00f6nderiliyor...\" data-submit-text=\"G\u00f6nder\" aria-live=\"assertive\" value=\"wpforms-submit\">G\u00f6nder<\/button><img loading=\"lazy\" decoding=\"async\" src=\"http:\/\/www.minepatisserie.com\/wp-content\/plugins\/wpforms-lite\/assets\/images\/submit-spin.svg\" class=\"wpforms-submit-spinner\" style=\"display: none;\" width=\"26\" height=\"26\" alt=\"Y\u00fckleniyor\"><\/div><\/form><\/div>  <!-- .wpforms-container --><\/div><\/div><\/div><\/div><\/div><\/div><\/div><div data-vc-full-width=\"true\" data-vc-full-width-init=\"false\" data-vc-stretch-content=\"true\" class=\"vc_row wpb_row vc_row-fluid vc_row-no-padding\"><div class=\"wpb_column vc_column_container vc_col-sm-12\"><div class=\"vc_column-inner\"><div class=\"wpb_wrapper\">\n\t<div class=\"wpb_raw_code wpb_content_element wpb_raw_html\" >\n\t\t<div class=\"wpb_wrapper\">\n\t\t\t<iframe src=\"https:\/\/www.google.com\/maps\/embed?pb=!1m14!1m8!1m3!1d13019.445940693096!2d33.3283!3d35.334261!3m2!1i1024!2i768!4f13.1!3m3!1m2!1s0x14de6cb6781b0c5d%3A0xf062f48e386cae12!2sMine%20Cafe!5e0!3m2!1str!2str!4v1698672866433!5m2!1str!2str\" width=\"100%\" height=\"450\" style=\"border:0;\" allowfullscreen=\"\" loading=\"lazy\" referrerpolicy=\"no-referrer-when-downgrade\"><\/iframe>\n\t\t<\/div>\n\t<\/div>\n<\/div><\/div><\/div><\/div><div class=\"vc_row-full-width vc_clearfix\"><\/div>\n","protected":false},"excerpt":{"rendered":"","protected":false},"author":1,"featured_media":0,"parent":0,"menu_order":0,"comment_status":"closed","ping_status":"closed","template":"","meta":{"_joinchat":[],"footnotes":""},"class_list":{"1":"page","2":"type-page","3":"status-publish","4":"hentry","5":"post-single "},"_links":{"self":[{"href":"http:\/\/www.minepatisserie.com\/index.php\/wp-json\/wp\/v2\/pages\/32","targetHints":{"allow":["GET"]}}],"collection":[{"href":"http:\/\/www.minepatisserie.com\/index.php\/wp-json\/wp\/v2\/pages"}],"about":[{"href":"http:\/\/www.minepatisserie.com\/index.php\/wp-json\/wp\/v2\/types\/page"}],"author":[{"embeddable":true,"href":"http:\/\/www.minepatisserie.com\/index.php\/wp-json\/wp\/v2\/users\/1"}],"replies":[{"embeddable":true,"href":"http:\/\/www.minepatisserie.com\/index.php\/wp-json\/wp\/v2\/comments?post=32"}],"version-history":[{"count":8,"href":"http:\/\/www.minepatisserie.com\/index.php\/wp-json\/wp\/v2\/pages\/32\/revisions"}],"predecessor-version":[{"id":393,"href":"http:\/\/www.minepatisserie.com\/index.php\/wp-json\/wp\/v2\/pages\/32\/revisions\/393"}],"wp:attachment":[{"href":"http:\/\/www.minepatisserie.com\/index.php\/wp-json\/wp\/v2\/media?parent=32"}],"curies":[{"name":"wp","href":"https:\/\/api.w.org\/{rel}","templated":true}]}}