{"id":79,"date":"2023-09-28T12:25:47","date_gmt":"2023-09-28T09:25:47","guid":{"rendered":"https:\/\/www.minepatisserie.com\/?page_id=79"},"modified":"2023-10-31T01:03:24","modified_gmt":"2023-10-30T22:03:24","slug":"hakkimizda","status":"publish","type":"page","link":"http:\/\/www.minepatisserie.com\/index.php\/hakkimizda\/","title":{"rendered":"Hakk\u0131m\u0131zda"},"content":{"rendered":"<div class=\"vc_row wpb_row vc_row-fluid\"><div class=\"wpb_column vc_column_container vc_col-sm-6\"><div class=\"vc_column-inner\"><div class=\"wpb_wrapper\"><h2 style=\"text-align: left;font-family:Exo;font-weight:700;font-style:normal\" class=\"vc_custom_heading\" >Mine Pastanesi<\/h2>\n\t<div class=\"wpb_text_column wpb_content_element \" >\n\t\t<div class=\"wpb_wrapper\">\n\t\t\t<p>Her bir tada ve her bir detaya dikkat eder, el yap\u0131m\u0131 lezzetlerimizle her an\u0131n\u0131za tatl\u0131 bir dokunu\u015f katmaya \u00e7al\u0131\u015f\u0131r\u0131z. Bizler Mine Patisserie olarak, lezzet dolu bir maceran\u0131n ba\u015flang\u0131c\u0131 g\u00f6rd\u00fc\u011f\u00fcm\u00fcz pastac\u0131l\u0131\u011fa olan tutkumuzu sizinle payla\u015fmaktan gurur duyuyoruz. Her bir pasta, kurabiye ve tatl\u0131, tuzlu, sevgi, \u00f6zen ve \u00f6zg\u00fcnl\u00fckle haz\u0131rlan\u0131r.<\/p>\n\n\t\t<\/div>\n\t<\/div>\n<\/div><\/div><\/div><div class=\"wpb_column vc_column_container vc_col-sm-6\"><div class=\"vc_column-inner\"><div class=\"wpb_wrapper\">\n\t<div class=\"wpb_text_column wpb_content_element \" >\n\t\t<div class=\"wpb_wrapper\">\n\t\t\t<p>Y\u0131llar\u0131n deneyimini ve s\u0131cak bir aile atmosferini bir araya getirerek, baba ve 2 o\u011ful olarak ba\u015flad\u0131\u011f\u0131m\u0131z yolculu\u011fumuza, \u015fimdilerde 25 ki\u015fiye ula\u015fan harika ekibimizle devam ediyoruz. Siz m\u00fc\u015fterilerimize her zaman en kaliteli \u00fcr\u00fcnleri ve hizmeti sunmay\u0131 \u00f6ncelik bilen pastanemiz, Hayat\u0131n tatl\u0131 anlar\u0131n\u0131 ve \u00f6zel anlar\u0131n\u0131za tat katmay\u0131 felsefesi haline getirmi\u015ftir.<\/p>\n\n\t\t<\/div>\n\t<\/div>\n<\/div><\/div><\/div><\/div>\n","protected":false},"excerpt":{"rendered":"","protected":false},"author":1,"featured_media":0,"parent":0,"menu_order":0,"comment_status":"closed","ping_status":"closed","template":"","meta":{"_joinchat":[],"footnotes":""},"class_list":{"1":"page","2":"type-page","3":"status-publish","4":"hentry","5":"post-single "},"_links":{"self":[{"href":"http:\/\/www.minepatisserie.com\/index.php\/wp-json\/wp\/v2\/pages\/79","targetHints":{"allow":["GET"]}}],"collection":[{"href":"http:\/\/www.minepatisserie.com\/index.php\/wp-json\/wp\/v2\/pages"}],"about":[{"href":"http:\/\/www.minepatisserie.com\/index.php\/wp-json\/wp\/v2\/types\/page"}],"author":[{"embeddable":true,"href":"http:\/\/www.minepatisserie.com\/index.php\/wp-json\/wp\/v2\/users\/1"}],"replies":[{"embeddable":true,"href":"http:\/\/www.minepatisserie.com\/index.php\/wp-json\/wp\/v2\/comments?post=79"}],"version-history":[{"count":7,"href":"http:\/\/www.minepatisserie.com\/index.php\/wp-json\/wp\/v2\/pages\/79\/revisions"}],"predecessor-version":[{"id":453,"href":"http:\/\/www.minepatisserie.com\/index.php\/wp-json\/wp\/v2\/pages\/79\/revisions\/453"}],"wp:attachment":[{"href":"http:\/\/www.minepatisserie.com\/index.php\/wp-json\/wp\/v2\/media?parent=79"}],"curies":[{"name":"wp","href":"https:\/\/api.w.org\/{rel}","templated":true}]}}