{"id":82,"date":"2023-09-28T12:26:37","date_gmt":"2023-09-28T09:26:37","guid":{"rendered":"https:\/\/www.minepatisserie.com\/?page_id=82"},"modified":"2023-10-31T01:26:29","modified_gmt":"2023-10-30T22:26:29","slug":"urunlerimiz","status":"publish","type":"page","link":"http:\/\/www.minepatisserie.com\/index.php\/urunlerimiz\/","title":{"rendered":"\u00dcr\u00fcnlerimiz"},"content":{"rendered":"<div class=\"vc_row wpb_row vc_row-fluid\"><div class=\"wpb_column vc_column_container vc_col-sm-3\"><div class=\"vc_column-inner\"><div class=\"wpb_wrapper\">\n\t<div  class=\"wpb_single_image wpb_content_element vc_align_center\">\n\t\t\n\t\t<figure class=\"wpb_wrapper vc_figure\">\n\t\t\t<a href=\"https:\/\/www.minepatisserie.com\/index.php\/dogum-gunu-pastalari\/\" target=\"_self\" class=\"vc_single_image-wrapper vc_box_rounded  vc_box_border_grey\"><img loading=\"lazy\" decoding=\"async\" width=\"800\" height=\"800\" src=\"http:\/\/www.minepatisserie.com\/wp-content\/uploads\/2023\/10\/kahv.jpg\" class=\"vc_single_image-img attachment-full\" alt=\"\" srcset=\"http:\/\/www.minepatisserie.com\/wp-content\/uploads\/2023\/10\/kahv.jpg 800w, http:\/\/www.minepatisserie.com\/wp-content\/uploads\/2023\/10\/kahv-300x300.jpg 300w, http:\/\/www.minepatisserie.com\/wp-content\/uploads\/2023\/10\/kahv-150x150.jpg 150w, http:\/\/www.minepatisserie.com\/wp-content\/uploads\/2023\/10\/kahv-768x768.jpg 768w, http:\/\/www.minepatisserie.com\/wp-content\/uploads\/2023\/10\/kahv-12x12.jpg 12w, http:\/\/www.minepatisserie.com\/wp-content\/uploads\/2023\/10\/kahv-211x211.jpg 211w\" sizes=\"auto, (max-width: 800px) 100vw, 800px\" \/><\/a>\n\t\t<\/figure>\n\t<\/div>\n<\/div><\/div><\/div><div class=\"wpb_column vc_column_container vc_col-sm-9\"><div class=\"vc_column-inner\"><div class=\"wpb_wrapper\"><div class=\"vc_empty_space\"   style=\"height: 32px\" ><span class=\"vc_empty_space_inner\"><\/span><\/div>\n<h2 style=\"font-size: 24px;text-align: left;font-family:Exo;font-weight:700;font-style:normal\" class=\"vc_custom_heading\" >Kahvalt\u0131l\u0131klar<\/h2>\n\t<div class=\"wpb_text_column wpb_content_element \" >\n\t\t<div class=\"wpb_wrapper\">\n\t\t\t<p>Kahvalt\u0131n\u0131n ne kadar \u00f6nemli bir \u00f6\u011f\u00fcn oldu\u011funu biliyor ve bu nedenle en iyi kahvalt\u0131 deneyimini sunmak i\u00e7in buraday\u0131z. Lezzetli ve sa\u011fl\u0131kl\u0131 kahvalt\u0131lar\u0131m\u0131z\u0131 ke\u015ffedin, g\u00fcne enerjik bir ba\u015flang\u0131\u00e7 yap\u0131n.<\/p>\n\n\t\t<\/div>\n\t<\/div>\n<div class=\"vc_btn3-container vc_btn3-inline\" >\n\t<a style=\"background-color:#c68656; color:#ffffff;\" class=\"vc_general vc_btn3 vc_btn3-size-md vc_btn3-shape-rounded vc_btn3-style-custom vc_btn3-icon-left\" href=\"https:\/\/www.minepatisserie.com\/index.php\/kahvaltiliklar\/\" title=\"Do\u011fum G\u00fcn\u00fc Pastalar\u0131\"><i class=\"vc_btn3-icon fa fa-sign-out\"><\/i> \u00dcr\u00fcnleri \u0130ncele<\/a><\/div>\n<\/div><\/div><\/div><\/div><div class=\"vc_row wpb_row vc_row-fluid\"><div class=\"wpb_column vc_column_container vc_col-sm-12\"><div class=\"vc_column-inner\"><div class=\"wpb_wrapper\"><div class=\"vc_separator wpb_content_element vc_separator_align_center vc_sep_width_100 vc_sep_pos_align_center vc_separator_no_text vc_sep_color_grey\" ><span class=\"vc_sep_holder vc_sep_holder_l\"><span  class=\"vc_sep_line\"><\/span><\/span><span class=\"vc_sep_holder vc_sep_holder_r\"><span  class=\"vc_sep_line\"><\/span><\/span>\n<\/div><\/div><\/div><\/div><\/div><div class=\"vc_row wpb_row vc_row-fluid\"><div class=\"wpb_column vc_column_container vc_col-sm-3\"><div class=\"vc_column-inner\"><div class=\"wpb_wrapper\">\n\t<div  class=\"wpb_single_image wpb_content_element vc_align_center\">\n\t\t\n\t\t<figure class=\"wpb_wrapper vc_figure\">\n\t\t\t<a href=\"https:\/\/www.minepatisserie.com\/index.php\/dogum-gunu-pastalari\/\" target=\"_self\" class=\"vc_single_image-wrapper vc_box_rounded  vc_box_border_grey\"><img loading=\"lazy\" decoding=\"async\" width=\"800\" height=\"800\" src=\"http:\/\/www.minepatisserie.com\/wp-content\/uploads\/2023\/10\/tatli-1.jpg\" class=\"vc_single_image-img attachment-full\" alt=\"\" srcset=\"http:\/\/www.minepatisserie.com\/wp-content\/uploads\/2023\/10\/tatli-1.jpg 800w, http:\/\/www.minepatisserie.com\/wp-content\/uploads\/2023\/10\/tatli-1-300x300.jpg 300w, http:\/\/www.minepatisserie.com\/wp-content\/uploads\/2023\/10\/tatli-1-150x150.jpg 150w, http:\/\/www.minepatisserie.com\/wp-content\/uploads\/2023\/10\/tatli-1-768x768.jpg 768w, http:\/\/www.minepatisserie.com\/wp-content\/uploads\/2023\/10\/tatli-1-12x12.jpg 12w, http:\/\/www.minepatisserie.com\/wp-content\/uploads\/2023\/10\/tatli-1-211x211.jpg 211w\" sizes=\"auto, (max-width: 800px) 100vw, 800px\" \/><\/a>\n\t\t<\/figure>\n\t<\/div>\n<\/div><\/div><\/div><div class=\"wpb_column vc_column_container vc_col-sm-9\"><div class=\"vc_column-inner\"><div class=\"wpb_wrapper\"><div class=\"vc_empty_space\"   style=\"height: 32px\" ><span class=\"vc_empty_space_inner\"><\/span><\/div>\n<h2 style=\"font-size: 24px;text-align: left;font-family:Exo;font-weight:700;font-style:normal\" class=\"vc_custom_heading\" ><a href=\"https:\/\/www.minepatisserie.com\/index.php\/tatli-ve-tuzlu-kurabiyeler\/\" title=\"Tatl\u0131 Ve Tuzlu Kurabiyeler\">Tatl\u0131-Tuzlular ve At\u0131\u015ft\u0131rmal\u0131klar<\/a><\/h2>\n\t<div class=\"wpb_text_column wpb_content_element \" >\n\t\t<div class=\"wpb_wrapper\">\n\t\t\t<p>\u00c7ay saatlerinizi ya da \u00f6\u011fleden sonra at\u0131\u015ft\u0131rmalar\u0131n\u0131z\u0131 tatland\u0131rmak i\u00e7in leziz kurabiye \u00e7e\u015fitleri sunuyoruz. Taze ve nefis kurabiyelerimiz sizi b\u00fcy\u00fcleyecek.<\/p>\n\n\t\t<\/div>\n\t<\/div>\n<div class=\"vc_btn3-container vc_btn3-inline\" >\n\t<a style=\"background-color:#c68656; color:#ffffff;\" class=\"vc_general vc_btn3 vc_btn3-size-md vc_btn3-shape-rounded vc_btn3-style-custom vc_btn3-icon-left\" href=\"https:\/\/www.minepatisserie.com\/index.php\/dogum-gunu-pastalari\/\" title=\"Do\u011fum G\u00fcn\u00fc Pastalar\u0131\"><i class=\"vc_btn3-icon fa fa-sign-out\"><\/i> \u00dcr\u00fcnleri \u0130ncele<\/a><\/div>\n<\/div><\/div><\/div><\/div><div class=\"vc_row wpb_row vc_row-fluid\"><div class=\"wpb_column vc_column_container vc_col-sm-12\"><div class=\"vc_column-inner\"><div class=\"wpb_wrapper\"><div class=\"vc_separator wpb_content_element vc_separator_align_center vc_sep_width_100 vc_sep_pos_align_center vc_separator_no_text vc_sep_color_grey\" ><span class=\"vc_sep_holder vc_sep_holder_l\"><span  class=\"vc_sep_line\"><\/span><\/span><span class=\"vc_sep_holder vc_sep_holder_r\"><span  class=\"vc_sep_line\"><\/span><\/span>\n<\/div><\/div><\/div><\/div><\/div><div class=\"vc_row wpb_row vc_row-fluid\"><div class=\"wpb_column vc_column_container vc_col-sm-3\"><div class=\"vc_column-inner\"><div class=\"wpb_wrapper\">\n\t<div  class=\"wpb_single_image wpb_content_element vc_align_center\">\n\t\t\n\t\t<figure class=\"wpb_wrapper vc_figure\">\n\t\t\t<a href=\"https:\/\/www.minepatisserie.com\/index.php\/dogum-gunu-pastalari\/\" target=\"_self\" class=\"vc_single_image-wrapper vc_box_rounded  vc_box_border_grey\"><img loading=\"lazy\" decoding=\"async\" width=\"800\" height=\"800\" src=\"http:\/\/www.minepatisserie.com\/wp-content\/uploads\/2023\/10\/dogum-1.jpg\" class=\"vc_single_image-img attachment-full\" alt=\"\" srcset=\"http:\/\/www.minepatisserie.com\/wp-content\/uploads\/2023\/10\/dogum-1.jpg 800w, http:\/\/www.minepatisserie.com\/wp-content\/uploads\/2023\/10\/dogum-1-300x300.jpg 300w, http:\/\/www.minepatisserie.com\/wp-content\/uploads\/2023\/10\/dogum-1-150x150.jpg 150w, http:\/\/www.minepatisserie.com\/wp-content\/uploads\/2023\/10\/dogum-1-768x768.jpg 768w, http:\/\/www.minepatisserie.com\/wp-content\/uploads\/2023\/10\/dogum-1-12x12.jpg 12w, http:\/\/www.minepatisserie.com\/wp-content\/uploads\/2023\/10\/dogum-1-211x211.jpg 211w\" sizes=\"auto, (max-width: 800px) 100vw, 800px\" \/><\/a>\n\t\t<\/figure>\n\t<\/div>\n<\/div><\/div><\/div><div class=\"wpb_column vc_column_container vc_col-sm-9\"><div class=\"vc_column-inner\"><div class=\"wpb_wrapper\"><div class=\"vc_empty_space\"   style=\"height: 32px\" ><span class=\"vc_empty_space_inner\"><\/span><\/div>\n<h2 style=\"font-size: 24px;text-align: left;font-family:Exo;font-weight:700;font-style:normal\" class=\"vc_custom_heading\" >Do\u011fum G\u00fcn\u00fc Pastalar\u0131<\/h2>\n\t<div class=\"wpb_text_column wpb_content_element \" >\n\t\t<div class=\"wpb_wrapper\">\n\t\t\t<p>\u00d6zel Anlar \u0130\u00e7in \u00d6zel Tatlar! Hayat\u0131n en g\u00fczel anlar\u0131n\u0131 \u00f6zel k\u0131l\u0131n! \u00d6zel tasar\u0131m pastalar\u0131m\u0131zla an\u0131lar\u0131n\u0131za tatl\u0131l\u0131k kat\u0131n. Her pasta, sizin i\u00e7in \u00f6zel olarak tasarlan\u0131r. Hayalinizdeki pastay\u0131 biz ger\u00e7e\u011fe d\u00f6n\u00fc\u015ft\u00fcr\u00fcyoruz. \u0130stedi\u011finiz lezzetler, tasar\u0131mlar ve boyutlarla s\u0131n\u0131rs\u0131z se\u00e7enekler. Do\u011fum g\u00fcnleri, d\u00fc\u011f\u00fcnler, mezuniyetler ve daha fazlas\u0131 i\u00e7in bize g\u00fcvenin.<\/p>\n\n\t\t<\/div>\n\t<\/div>\n<div class=\"vc_btn3-container vc_btn3-inline\" >\n\t<a style=\"background-color:#c68656; color:#ffffff;\" class=\"vc_general vc_btn3 vc_btn3-size-md vc_btn3-shape-rounded vc_btn3-style-custom vc_btn3-icon-left\" href=\"https:\/\/www.minepatisserie.com\/index.php\/dogum-gunu-pastalari\/\" title=\"Do\u011fum G\u00fcn\u00fc Pastalar\u0131\"><i class=\"vc_btn3-icon fa fa-sign-out\"><\/i> \u00dcr\u00fcnleri \u0130ncele<\/a><\/div>\n<\/div><\/div><\/div><\/div><div class=\"vc_row wpb_row vc_row-fluid\"><div class=\"wpb_column vc_column_container vc_col-sm-12\"><div class=\"vc_column-inner\"><div class=\"wpb_wrapper\"><div class=\"vc_separator wpb_content_element vc_separator_align_center vc_sep_width_100 vc_sep_pos_align_center vc_separator_no_text vc_sep_color_grey\" ><span class=\"vc_sep_holder vc_sep_holder_l\"><span  class=\"vc_sep_line\"><\/span><\/span><span class=\"vc_sep_holder vc_sep_holder_r\"><span  class=\"vc_sep_line\"><\/span><\/span>\n<\/div><\/div><\/div><\/div><\/div><div class=\"vc_row wpb_row vc_row-fluid\"><div class=\"wpb_column vc_column_container vc_col-sm-3\"><div class=\"vc_column-inner\"><div class=\"wpb_wrapper\">\n\t<div  class=\"wpb_single_image wpb_content_element vc_align_center\">\n\t\t\n\t\t<figure class=\"wpb_wrapper vc_figure\">\n\t\t\t<a href=\"https:\/\/www.minepatisserie.com\/index.php\/dogum-gunu-pastalari\/\" target=\"_self\" class=\"vc_single_image-wrapper vc_box_rounded  vc_box_border_grey\"><img loading=\"lazy\" decoding=\"async\" width=\"800\" height=\"800\" src=\"http:\/\/www.minepatisserie.com\/wp-content\/uploads\/2023\/10\/pasta2.jpg\" class=\"vc_single_image-img attachment-full\" alt=\"\" srcset=\"http:\/\/www.minepatisserie.com\/wp-content\/uploads\/2023\/10\/pasta2.jpg 800w, http:\/\/www.minepatisserie.com\/wp-content\/uploads\/2023\/10\/pasta2-300x300.jpg 300w, http:\/\/www.minepatisserie.com\/wp-content\/uploads\/2023\/10\/pasta2-150x150.jpg 150w, http:\/\/www.minepatisserie.com\/wp-content\/uploads\/2023\/10\/pasta2-768x768.jpg 768w, http:\/\/www.minepatisserie.com\/wp-content\/uploads\/2023\/10\/pasta2-211x211.jpg 211w\" sizes=\"auto, (max-width: 800px) 100vw, 800px\" \/><\/a>\n\t\t<\/figure>\n\t<\/div>\n<\/div><\/div><\/div><div class=\"wpb_column vc_column_container vc_col-sm-9\"><div class=\"vc_column-inner\"><div class=\"wpb_wrapper\"><div class=\"vc_empty_space\"   style=\"height: 32px\" ><span class=\"vc_empty_space_inner\"><\/span><\/div>\n<h2 style=\"font-size: 24px;text-align: left;font-family:Exo;font-weight:700;font-style:normal\" class=\"vc_custom_heading\" >Pastalar<\/h2>\n\t<div class=\"wpb_text_column wpb_content_element \" >\n\t\t<div class=\"wpb_wrapper\">\n\t\t\t<p>\u00d6zel Anlar \u0130\u00e7in \u00d6zel Tatlar! Hayat\u0131n en g\u00fczel anlar\u0131n\u0131 \u00f6zel k\u0131l\u0131n! \u00d6zel tasar\u0131m pastalar\u0131m\u0131zla an\u0131lar\u0131n\u0131za tatl\u0131l\u0131k kat\u0131n. Her pasta, sizin i\u00e7in \u00f6zel olarak tasarlan\u0131r. Hayalinizdeki pastay\u0131 biz ger\u00e7e\u011fe d\u00f6n\u00fc\u015ft\u00fcr\u00fcyoruz. \u0130stedi\u011finiz lezzetler, tasar\u0131mlar ve boyutlarla s\u0131n\u0131rs\u0131z se\u00e7enekler. Do\u011fum g\u00fcnleri, d\u00fc\u011f\u00fcnler, mezuniyetler ve daha fazlas\u0131 i\u00e7in bize g\u00fcvenin.<\/p>\n\n\t\t<\/div>\n\t<\/div>\n<div class=\"vc_btn3-container vc_btn3-inline\" >\n\t<a style=\"background-color:#c68656; color:#ffffff;\" class=\"vc_general vc_btn3 vc_btn3-size-md vc_btn3-shape-rounded vc_btn3-style-custom vc_btn3-icon-left\" href=\"https:\/\/www.minepatisserie.com\/index.php\/pastalar\/\" title=\"Do\u011fum G\u00fcn\u00fc Pastalar\u0131\"><i class=\"vc_btn3-icon fa fa-sign-out\"><\/i> \u00dcr\u00fcnleri \u0130ncele<\/a><\/div>\n<\/div><\/div><\/div><\/div>\n","protected":false},"excerpt":{"rendered":"","protected":false},"author":1,"featured_media":0,"parent":0,"menu_order":0,"comment_status":"closed","ping_status":"closed","template":"","meta":{"_joinchat":[],"footnotes":""},"class_list":{"1":"page","2":"type-page","3":"status-publish","4":"hentry","5":"post-single "},"_links":{"self":[{"href":"http:\/\/www.minepatisserie.com\/index.php\/wp-json\/wp\/v2\/pages\/82","targetHints":{"allow":["GET"]}}],"collection":[{"href":"http:\/\/www.minepatisserie.com\/index.php\/wp-json\/wp\/v2\/pages"}],"about":[{"href":"http:\/\/www.minepatisserie.com\/index.php\/wp-json\/wp\/v2\/types\/page"}],"author":[{"embeddable":true,"href":"http:\/\/www.minepatisserie.com\/index.php\/wp-json\/wp\/v2\/users\/1"}],"replies":[{"embeddable":true,"href":"http:\/\/www.minepatisserie.com\/index.php\/wp-json\/wp\/v2\/comments?post=82"}],"version-history":[{"count":19,"href":"http:\/\/www.minepatisserie.com\/index.php\/wp-json\/wp\/v2\/pages\/82\/revisions"}],"predecessor-version":[{"id":459,"href":"http:\/\/www.minepatisserie.com\/index.php\/wp-json\/wp\/v2\/pages\/82\/revisions\/459"}],"wp:attachment":[{"href":"http:\/\/www.minepatisserie.com\/index.php\/wp-json\/wp\/v2\/media?parent=82"}],"curies":[{"name":"wp","href":"https:\/\/api.w.org\/{rel}","templated":true}]}}