{"id":9,"date":"2023-09-26T14:05:46","date_gmt":"2023-09-26T11:05:46","guid":{"rendered":"https:\/\/www.minepatisserie.com\/?page_id=9"},"modified":"2025-12-12T22:06:01","modified_gmt":"2025-12-12T19:06:01","slug":"home","status":"publish","type":"page","link":"http:\/\/www.minepatisserie.com\/","title":{"rendered":"Ana Sayfa"},"content":{"rendered":"<div class=\"vc_row wpb_row vc_row-fluid\"><div class=\"wpb_column vc_column_container vc_col-sm-12\"><div class=\"vc_column-inner\"><div class=\"wpb_wrapper\">\n\t\t\t<!-- START Slider 1 REVOLUTION SLIDER 6.6.10 --><p class=\"rs-p-wp-fix\"><\/p>\n\t\t\t<rs-module-wrap id=\"rev_slider_2_1_wrapper\" data-source=\"gallery\" style=\"visibility:hidden;background:transparent;padding:0;margin:0px auto;margin-top:0;margin-bottom:0;\">\n\t\t\t\t<rs-module id=\"rev_slider_2_1\" style=\"\" data-version=\"6.6.10\">\n\t\t\t\t\t<rs-slides style=\"overflow: hidden; position: absolute;\">\n\t\t\t\t\t\t<rs-slide style=\"position: absolute;\" data-key=\"rs-4\" data-title=\"Slide\" data-thumb=\"\/\/www.minepatisserie.com\/wp-content\/uploads\/2023\/10\/dsf-2-50x100.jpg\" data-in=\"o:0;\" data-out=\"a:false;\">\n\t\t\t\t\t\t\t<img decoding=\"async\" src=\"\/\/www.minepatisserie.com\/wp-content\/plugins\/revslider\/public\/assets\/assets\/dummy.png\" alt=\"\" title=\"dsf\" width=\"2500\" height=\"1656\" class=\"rev-slidebg tp-rs-img rs-lazyload\" data-lazyload=\"\/\/www.minepatisserie.com\/wp-content\/uploads\/2023\/10\/dsf-2.jpg\" data-bg=\"p:left top;f:75% 100%;\" data-no-retina>\n<!--\n\t\t\t\t\t\t\t--><rs-layer\n\t\t\t\t\t\t\t\tid=\"slider-2-slide-4-layer-2\" \n\t\t\t\t\t\t\t\tdata-type=\"text\"\n\t\t\t\t\t\t\t\tdata-color=\"#ffffff\"\n\t\t\t\t\t\t\t\tdata-rsp_ch=\"on\"\n\t\t\t\t\t\t\t\tdata-xy=\"x:69px;y:359px;\"\n\t\t\t\t\t\t\t\tdata-text=\"w:normal;s:60;l:60;fw:800;a:center;\"\n\t\t\t\t\t\t\t\tdata-dim=\"w:1159px;\"\n\t\t\t\t\t\t\t\tdata-frame_0=\"y:100%;\"\n\t\t\t\t\t\t\t\tdata-frame_1=\"e:power4.inOut;sp:1200;\"\n\t\t\t\t\t\t\t\tdata-frame_999=\"o:0;st:w;\"\n\t\t\t\t\t\t\t\tstyle=\"z-index:6;font-family:'Raleway';\"\n\t\t\t\t\t\t\t>Kuzey K\u0131br\u0131s'ta ekler denilince <br>akla gelen tek adres \n\t\t\t\t\t\t\t<\/rs-layer><!--\n-->\t\t\t\t\t\t<\/rs-slide>\n\t\t\t\t\t\t<rs-slide style=\"position: absolute;\" data-key=\"rs-5\" data-title=\"Slide\" data-thumb=\"\/\/www.minepatisserie.com\/wp-content\/uploads\/2023\/09\/02-2-1-50x100.jpg\" data-in=\"o:0;\" data-out=\"a:false;\">\n\t\t\t\t\t\t\t<img decoding=\"async\" src=\"\/\/www.minepatisserie.com\/wp-content\/plugins\/revslider\/public\/assets\/assets\/dummy.png\" alt=\"\" title=\"02-2 (1)\" width=\"1920\" height=\"1160\" class=\"rev-slidebg tp-rs-img rs-lazyload\" data-lazyload=\"\/\/www.minepatisserie.com\/wp-content\/uploads\/2023\/09\/02-2-1.jpg\" data-no-retina>\n<!--\n\t\t\t\t\t\t\t--><rs-layer\n\t\t\t\t\t\t\t\tid=\"slider-2-slide-5-layer-1\" \n\t\t\t\t\t\t\t\tdata-type=\"text\"\n\t\t\t\t\t\t\t\tdata-color=\"#ffffff\"\n\t\t\t\t\t\t\t\tdata-rsp_ch=\"on\"\n\t\t\t\t\t\t\t\tdata-xy=\"x:199px;y:333px;\"\n\t\t\t\t\t\t\t\tdata-text=\"w:normal;s:60;l:60;fw:700;\"\n\t\t\t\t\t\t\t\tdata-frame_0=\"y:100%;\"\n\t\t\t\t\t\t\t\tdata-frame_1=\"e:power4.inOut;sp:1200;\"\n\t\t\t\t\t\t\t\tdata-frame_999=\"o:0;st:w;\"\n\t\t\t\t\t\t\t\tstyle=\"z-index:6;font-family:'Raleway';\"\n\t\t\t\t\t\t\t>Her Dilin Anlayabilece\u011fi Tatlar  \n\t\t\t\t\t\t\t<\/rs-layer><!--\n-->\t\t\t\t\t\t<\/rs-slide>\n\t\t\t\t\t<\/rs-slides>\n\t\t\t\t<\/rs-module>\n\t\t\t\t<script>\n\t\t\t\t\tsetREVStartSize({c: 'rev_slider_2_1',rl:[1240,1024,778,480],el:[900],gw:[1240],gh:[900],type:'standard',justify:'',layout:'fullwidth',mh:\"0\"});if (window.RS_MODULES!==undefined && window.RS_MODULES.modules!==undefined && window.RS_MODULES.modules[\"revslider21\"]!==undefined) {window.RS_MODULES.modules[\"revslider21\"].once = false;window.revapi2 = undefined;if (window.RS_MODULES.checkMinimal!==undefined) window.RS_MODULES.checkMinimal()}\n\t\t\t\t<\/script>\n\t\t\t<\/rs-module-wrap>\n\t\t\t<!-- END REVOLUTION SLIDER -->\n<div class=\"vc_empty_space\"   style=\"height: 50px\" ><span class=\"vc_empty_space_inner\"><\/span><\/div>\n<\/div><\/div><\/div><\/div><div data-vc-full-width=\"true\" data-vc-full-width-init=\"false\" class=\"vc_row wpb_row vc_row-fluid\"><div class=\"wpb_column vc_column_container vc_col-sm-6\"><div class=\"vc_column-inner\"><div class=\"wpb_wrapper\">\n\t<div  class=\"wpb_single_image wpb_content_element vc_align_left\">\n\t\t\n\t\t<figure class=\"wpb_wrapper vc_figure\">\n\t\t\t<div class=\"vc_single_image-wrapper vc_box_rounded  vc_box_border_grey\"><img loading=\"lazy\" decoding=\"async\" width=\"600\" height=\"900\" src=\"http:\/\/www.minepatisserie.com\/wp-content\/uploads\/2023\/10\/How-to-fill-eclairs-2-2.jpg\" class=\"vc_single_image-img attachment-full\" alt=\"\" srcset=\"http:\/\/www.minepatisserie.com\/wp-content\/uploads\/2023\/10\/How-to-fill-eclairs-2-2.jpg 600w, http:\/\/www.minepatisserie.com\/wp-content\/uploads\/2023\/10\/How-to-fill-eclairs-2-2-200x300.jpg 200w\" sizes=\"auto, (max-width: 600px) 100vw, 600px\" \/><\/div>\n\t\t<\/figure>\n\t<\/div>\n<\/div><\/div><\/div><div class=\"wpb_column vc_column_container vc_col-sm-6\"><div class=\"vc_column-inner\"><div class=\"wpb_wrapper\"><div class=\"vc_empty_space\"   style=\"height: 110px\" ><span class=\"vc_empty_space_inner\"><\/span><\/div>\n<h2 style=\"text-align: center;font-family:Exo;font-weight:700;font-style:normal\" class=\"vc_custom_heading\" >TUTKU \u0130LE YAPILAN LEZZETLER<\/h2><div style=\"font-size: 17px;line-height: 2;text-align: center;font-family:Exo;font-weight:400;font-style:normal\" class=\"vc_custom_heading vc_custom_1698671737599\" >Mine Pastanesi olarak m\u00fc\u015fterilerimize her zaman en lezzetli \u00fcr\u00fcnleri, \u00f6zenle sunmaya \u00f6nem veriyoruz. Hayat\u0131n tatl\u0131 anlar\u0131n\u0131 ve \u00f6zel anlar\u0131n\u0131za tat katmay\u0131 hedefleyen pastanemiz, size \u00e7e\u015fitli \u00fcr\u00fcnlerle birbirinden farkl\u0131 se\u00e7enekler sunuyor. \u0130ster g\u00fcnl\u00fck tatl\u0131, tuzlu at\u0131\u015ft\u0131rmal\u0131k, ister \u00f6zel g\u00fcnleriniz i\u00e7in ki\u015fiye \u00f6zel pasta tasar\u0131mlar\u0131 i\u00e7in en do\u011fru adrestesiniz!<\/div>\n\t<div  class=\"wpb_single_image wpb_content_element vc_align_center\">\n\t\t\n\t\t<figure class=\"wpb_wrapper vc_figure\">\n\t\t\t<div class=\"vc_single_image-wrapper   vc_box_border_grey\"><img loading=\"lazy\" decoding=\"async\" width=\"136\" height=\"36\" src=\"http:\/\/www.minepatisserie.com\/wp-content\/uploads\/2023\/09\/title-shape.png\" class=\"vc_single_image-img attachment-full\" alt=\"\" \/><\/div>\n\t\t<\/figure>\n\t<\/div>\n<h2 style=\"text-align: center;font-family:Exo;font-weight:700;font-style:normal\" class=\"vc_custom_heading\" >Leziz Tatlar\u0131n Adresi<br \/>\nMine Pastanesi<\/h2><\/div><\/div><\/div><div class=\"wpb_column vc_column_container vc_col-sm-12\"><div class=\"vc_column-inner\"><div class=\"wpb_wrapper\"><div class=\"section-header \"><h2 class=\"title color-light-gold\"><\/h2><h3>Ba\u015fl\u0131ca Lezzetlerimiz<\/h3><img decoding=\"async\" src=\"http:\/\/www.minepatisserie.com\/wp-content\/uploads\/2023\/09\/title-shape.png\" alt=\"\"><p class=\"text-half mrg-t-30 mrg-b-30\"><\/p><\/div><div class=\"vc_empty_space\"   style=\"height: 20px\" ><span class=\"vc_empty_space_inner\"><\/span><\/div>\n<\/div><\/div><\/div><\/div><div class=\"vc_row-full-width vc_clearfix\"><\/div><div class=\"vc_row wpb_row vc_row-fluid\"><div class=\"wpb_column vc_column_container vc_col-sm-3\"><div class=\"vc_column-inner\"><div class=\"wpb_wrapper\">\n\t<div  class=\"wpb_single_image wpb_content_element vc_align_center  vc_custom_1698701573737\">\n\t\t\n\t\t<figure class=\"wpb_wrapper vc_figure\">\n\t\t\t<a href=\"https:\/\/www.minepatisserie.com\/index.php\/kahvaltiliklar\/\" target=\"_self\" class=\"vc_single_image-wrapper   vc_box_border_grey\"><img loading=\"lazy\" decoding=\"async\" width=\"800\" height=\"800\" src=\"http:\/\/www.minepatisserie.com\/wp-content\/uploads\/2023\/10\/kahvaltii-1.jpg\" class=\"vc_single_image-img attachment-full\" alt=\"\" srcset=\"http:\/\/www.minepatisserie.com\/wp-content\/uploads\/2023\/10\/kahvaltii-1.jpg 800w, http:\/\/www.minepatisserie.com\/wp-content\/uploads\/2023\/10\/kahvaltii-1-300x300.jpg 300w, http:\/\/www.minepatisserie.com\/wp-content\/uploads\/2023\/10\/kahvaltii-1-150x150.jpg 150w, http:\/\/www.minepatisserie.com\/wp-content\/uploads\/2023\/10\/kahvaltii-1-768x768.jpg 768w, http:\/\/www.minepatisserie.com\/wp-content\/uploads\/2023\/10\/kahvaltii-1-12x12.jpg 12w, http:\/\/www.minepatisserie.com\/wp-content\/uploads\/2023\/10\/kahvaltii-1-211x211.jpg 211w\" sizes=\"auto, (max-width: 800px) 100vw, 800px\" \/><\/a>\n\t\t<\/figure>\n\t<\/div>\n<h2 style=\"font-size: 26px;text-align: center;font-family:Exo;font-weight:700;font-style:normal\" class=\"vc_custom_heading\" ><a href=\"https:\/\/www.minepatisserie.com\/index.php\/kahvaltiliklar\/\" title=\"Kahvalt\u0131l\u0131klar\">Kahvalt\u0131l\u0131klar<\/a><\/h2><\/div><\/div><\/div><div class=\"wpb_column vc_column_container vc_col-sm-3\"><div class=\"vc_column-inner\"><div class=\"wpb_wrapper\">\n\t<div  class=\"wpb_single_image wpb_content_element vc_align_center  vc_custom_1698700275850\">\n\t\t\n\t\t<figure class=\"wpb_wrapper vc_figure\">\n\t\t\t<a href=\"https:\/\/www.minepatisserie.com\/index.php\/tatli-ve-tuzlu-kurabiyeler\/\" target=\"_self\" class=\"vc_single_image-wrapper   vc_box_border_grey\"><img loading=\"lazy\" decoding=\"async\" width=\"800\" height=\"800\" src=\"http:\/\/www.minepatisserie.com\/wp-content\/uploads\/2023\/10\/tatli-1.jpg\" class=\"vc_single_image-img attachment-full\" alt=\"\" srcset=\"http:\/\/www.minepatisserie.com\/wp-content\/uploads\/2023\/10\/tatli-1.jpg 800w, http:\/\/www.minepatisserie.com\/wp-content\/uploads\/2023\/10\/tatli-1-300x300.jpg 300w, http:\/\/www.minepatisserie.com\/wp-content\/uploads\/2023\/10\/tatli-1-150x150.jpg 150w, http:\/\/www.minepatisserie.com\/wp-content\/uploads\/2023\/10\/tatli-1-768x768.jpg 768w, http:\/\/www.minepatisserie.com\/wp-content\/uploads\/2023\/10\/tatli-1-12x12.jpg 12w, http:\/\/www.minepatisserie.com\/wp-content\/uploads\/2023\/10\/tatli-1-211x211.jpg 211w\" sizes=\"auto, (max-width: 800px) 100vw, 800px\" \/><\/a>\n\t\t<\/figure>\n\t<\/div>\n<h2 style=\"font-size: 26px;text-align: center;font-family:Exo;font-weight:700;font-style:normal\" class=\"vc_custom_heading\" ><a href=\"https:\/\/www.minepatisserie.com\/index.php\/tatli-ve-tuzlu-kurabiyeler\/\" title=\"Kahvalt\u0131l\u0131klar\">Tatl\u0131-Tuzlular<\/a><\/h2><\/div><\/div><\/div><div class=\"wpb_column vc_column_container vc_col-sm-3\"><div class=\"vc_column-inner\"><div class=\"wpb_wrapper\">\n\t<div  class=\"wpb_single_image wpb_content_element vc_align_center  vc_custom_1698700891619\">\n\t\t\n\t\t<figure class=\"wpb_wrapper vc_figure\">\n\t\t\t<a href=\"https:\/\/www.minepatisserie.com\/index.php\/dogum-gunu-pastalari\/\" target=\"_self\" class=\"vc_single_image-wrapper   vc_box_border_grey\"><img loading=\"lazy\" decoding=\"async\" width=\"800\" height=\"800\" src=\"http:\/\/www.minepatisserie.com\/wp-content\/uploads\/2023\/10\/dogum-1.jpg\" class=\"vc_single_image-img attachment-full\" alt=\"\" srcset=\"http:\/\/www.minepatisserie.com\/wp-content\/uploads\/2023\/10\/dogum-1.jpg 800w, http:\/\/www.minepatisserie.com\/wp-content\/uploads\/2023\/10\/dogum-1-300x300.jpg 300w, http:\/\/www.minepatisserie.com\/wp-content\/uploads\/2023\/10\/dogum-1-150x150.jpg 150w, http:\/\/www.minepatisserie.com\/wp-content\/uploads\/2023\/10\/dogum-1-768x768.jpg 768w, http:\/\/www.minepatisserie.com\/wp-content\/uploads\/2023\/10\/dogum-1-12x12.jpg 12w, http:\/\/www.minepatisserie.com\/wp-content\/uploads\/2023\/10\/dogum-1-211x211.jpg 211w\" sizes=\"auto, (max-width: 800px) 100vw, 800px\" \/><\/a>\n\t\t<\/figure>\n\t<\/div>\n<h2 style=\"font-size: 26px;text-align: center;font-family:Exo;font-weight:700;font-style:normal\" class=\"vc_custom_heading\" ><a href=\"https:\/\/www.minepatisserie.com\/index.php\/dogum-gunu-pastalari\/\" title=\"Kahvalt\u0131l\u0131klar\">Do\u011fum G\u00fcn\u00fc Pastalar\u0131<\/a><\/h2><\/div><\/div><\/div><div class=\"wpb_column vc_column_container vc_col-sm-3\"><div class=\"vc_column-inner\"><div class=\"wpb_wrapper\">\n\t<div  class=\"wpb_single_image wpb_content_element vc_align_center  vc_custom_1698662719397\">\n\t\t\n\t\t<figure class=\"wpb_wrapper vc_figure\">\n\t\t\t<a href=\"https:\/\/www.minepatisserie.com\/index.php\/pastalar\/\" target=\"_self\" class=\"vc_single_image-wrapper   vc_box_border_grey\"><img loading=\"lazy\" decoding=\"async\" width=\"800\" height=\"800\" src=\"http:\/\/www.minepatisserie.com\/wp-content\/uploads\/2023\/10\/pasta2.jpg\" class=\"vc_single_image-img attachment-full\" alt=\"\" srcset=\"http:\/\/www.minepatisserie.com\/wp-content\/uploads\/2023\/10\/pasta2.jpg 800w, http:\/\/www.minepatisserie.com\/wp-content\/uploads\/2023\/10\/pasta2-300x300.jpg 300w, http:\/\/www.minepatisserie.com\/wp-content\/uploads\/2023\/10\/pasta2-150x150.jpg 150w, http:\/\/www.minepatisserie.com\/wp-content\/uploads\/2023\/10\/pasta2-768x768.jpg 768w, http:\/\/www.minepatisserie.com\/wp-content\/uploads\/2023\/10\/pasta2-211x211.jpg 211w\" sizes=\"auto, (max-width: 800px) 100vw, 800px\" \/><\/a>\n\t\t<\/figure>\n\t<\/div>\n<h2 style=\"font-size: 26px;text-align: center;font-family:Exo;font-weight:700;font-style:normal\" class=\"vc_custom_heading\" ><a href=\"https:\/\/www.minepatisserie.com\/index.php\/pastalar\/\" title=\"Kahvalt\u0131l\u0131klar\">Pastalar<\/a><\/h2><\/div><\/div><\/div><\/div><div class=\"vc_row wpb_row vc_row-fluid vc_column-gap-3\"><div class=\"wpb_column vc_column_container vc_col-sm-12\"><div class=\"vc_column-inner\"><div class=\"wpb_wrapper\"><div class=\"vc_empty_space\"   style=\"height: 80px\" ><span class=\"vc_empty_space_inner\"><\/span><\/div>\n<div class=\"vc_separator wpb_content_element vc_separator_align_center vc_sep_width_100 vc_sep_pos_align_center vc_separator_no_text vc_sep_color_grey\" ><span class=\"vc_sep_holder vc_sep_holder_l\"><span  class=\"vc_sep_line\"><\/span><\/span><span class=\"vc_sep_holder vc_sep_holder_r\"><span  class=\"vc_sep_line\"><\/span><\/span>\n<\/div><\/div><\/div><\/div><\/div><div data-vc-full-width=\"true\" data-vc-full-width-init=\"false\" class=\"vc_row wpb_row vc_row-fluid\"><div class=\"wpb_column vc_column_container vc_col-sm-6\"><div class=\"vc_column-inner\"><div class=\"wpb_wrapper\"><h2 style=\"text-align: center;font-family:Exo;font-weight:700;font-style:normal\" class=\"vc_custom_heading\" >Kahvalt\u0131l\u0131klar<\/h2><div class=\"section-header \"><h2 class=\"title color-light-gold\"><\/h2><h3><\/h3><img decoding=\"async\" src=\"http:\/\/www.minepatisserie.com\/wp-content\/uploads\/2023\/09\/title-shape.png\" alt=\"\"><p class=\"text-half mrg-t-30 mrg-b-30\">Kahvalt\u0131n\u0131n ne kadar \u00f6nemli bir \u00f6\u011f\u00fcn oldu\u011funu biliyor ve bu nedenle en iyi kahvalt\u0131 deneyimini sunmak i\u00e7in buraday\u0131z. Lezzetli ve sa\u011fl\u0131kl\u0131 kahvalt\u0131lar\u0131m\u0131z\u0131 ke\u015ffedin, g\u00fcne enerjik bir ba\u015flang\u0131\u00e7 yap\u0131n.<\/p><\/div><\/div><\/div><\/div><div class=\"wpb_column vc_column_container vc_col-sm-6\"><div class=\"vc_column-inner\"><div class=\"wpb_wrapper\">\n\t<div  class=\"wpb_single_image wpb_content_element vc_align_left\">\n\t\t\n\t\t<figure class=\"wpb_wrapper vc_figure\">\n\t\t\t<div class=\"vc_single_image-wrapper   vc_box_border_grey\"><img loading=\"lazy\" decoding=\"async\" width=\"1024\" height=\"631\" src=\"http:\/\/www.minepatisserie.com\/wp-content\/uploads\/2023\/10\/dere.jpg\" class=\"vc_single_image-img attachment-full\" alt=\"\" srcset=\"http:\/\/www.minepatisserie.com\/wp-content\/uploads\/2023\/10\/dere.jpg 1024w, http:\/\/www.minepatisserie.com\/wp-content\/uploads\/2023\/10\/dere-300x185.jpg 300w, http:\/\/www.minepatisserie.com\/wp-content\/uploads\/2023\/10\/dere-768x473.jpg 768w, http:\/\/www.minepatisserie.com\/wp-content\/uploads\/2023\/10\/dere-18x12.jpg 18w\" sizes=\"auto, (max-width: 1024px) 100vw, 1024px\" \/><\/div>\n\t\t<\/figure>\n\t<\/div>\n<\/div><\/div><\/div><\/div><div class=\"vc_row-full-width vc_clearfix\"><\/div><div data-vc-full-width=\"true\" data-vc-full-width-init=\"false\" class=\"vc_row wpb_row vc_row-fluid\"><div class=\"wpb_column vc_column_container vc_col-sm-6\"><div class=\"vc_column-inner\"><div class=\"wpb_wrapper\">\n\t<div  class=\"wpb_single_image wpb_content_element vc_align_left\">\n\t\t\n\t\t<figure class=\"wpb_wrapper vc_figure\">\n\t\t\t<div class=\"vc_single_image-wrapper   vc_box_border_grey\"><img loading=\"lazy\" decoding=\"async\" width=\"1036\" height=\"638\" src=\"http:\/\/www.minepatisserie.com\/wp-content\/uploads\/2023\/10\/kurabiye.jpg\" class=\"vc_single_image-img attachment-full\" alt=\"\" srcset=\"http:\/\/www.minepatisserie.com\/wp-content\/uploads\/2023\/10\/kurabiye.jpg 1036w, http:\/\/www.minepatisserie.com\/wp-content\/uploads\/2023\/10\/kurabiye-300x185.jpg 300w, http:\/\/www.minepatisserie.com\/wp-content\/uploads\/2023\/10\/kurabiye-1024x631.jpg 1024w, http:\/\/www.minepatisserie.com\/wp-content\/uploads\/2023\/10\/kurabiye-768x473.jpg 768w\" sizes=\"auto, (max-width: 1036px) 100vw, 1036px\" \/><\/div>\n\t\t<\/figure>\n\t<\/div>\n<\/div><\/div><\/div><div class=\"wpb_column vc_column_container vc_col-sm-6\"><div class=\"vc_column-inner\"><div class=\"wpb_wrapper\"><h2 style=\"text-align: center;font-family:Exo;font-weight:700;font-style:normal\" class=\"vc_custom_heading\" >Tatl\u0131-Tuzlular ve At\u0131\u015ft\u0131rmal\u0131klar<\/h2><div class=\"section-header \"><h2 class=\"title color-light-gold\"><\/h2><h3><\/h3><img decoding=\"async\" src=\"http:\/\/www.minepatisserie.com\/wp-content\/uploads\/2023\/09\/title-shape.png\" alt=\"\"><p class=\"text-half mrg-t-30 mrg-b-30\">\u00c7ay saatlerinizi ya da \u00f6\u011fleden sonra at\u0131\u015ft\u0131rmalar\u0131n\u0131z\u0131 tatland\u0131rmak i\u00e7in leziz kurabiye \u00e7e\u015fitleri sunuyoruz. Taze ve nefis kurabiyelerimiz sizi b\u00fcy\u00fcleyecek.<\/p><\/div><\/div><\/div><\/div><\/div><div class=\"vc_row-full-width vc_clearfix\"><\/div><div data-vc-full-width=\"true\" data-vc-full-width-init=\"false\" class=\"vc_row wpb_row vc_row-fluid\"><div class=\"wpb_column vc_column_container vc_col-sm-6\"><div class=\"vc_column-inner\"><div class=\"wpb_wrapper\"><h2 style=\"text-align: center;font-family:Exo;font-weight:700;font-style:normal\" class=\"vc_custom_heading\" >Do\u011fum G\u00fcn\u00fc Pastalar\u0131 ve Kekler<\/h2><div class=\"section-header \"><h2 class=\"title color-light-gold\"><\/h2><h3><\/h3><img decoding=\"async\" src=\"http:\/\/www.minepatisserie.com\/wp-content\/uploads\/2023\/09\/title-shape.png\" alt=\"\"><p class=\"text-half mrg-t-30 mrg-b-30\">\u00d6zel Anlar \u0130\u00e7in \u00d6zel Tatlar! Hayat\u0131n en g\u00fczel anlar\u0131n\u0131 \u00f6zel k\u0131l\u0131n! \u00d6zel tasar\u0131m pastalar\u0131m\u0131zla an\u0131lar\u0131n\u0131za tatl\u0131l\u0131k kat\u0131n. Her pasta, sizin i\u00e7in \u00f6zel olarak tasarlan\u0131r. Hayalinizdeki pastay\u0131 biz ger\u00e7e\u011fe d\u00f6n\u00fc\u015ft\u00fcr\u00fcyoruz. \u0130stedi\u011finiz lezzetler, tasar\u0131mlar ve boyutlarla s\u0131n\u0131rs\u0131z se\u00e7enekler. Do\u011fum g\u00fcnleri, d\u00fc\u011f\u00fcnler, mezuniyetler ve daha fazlas\u0131 i\u00e7in bize g\u00fcvenin.<\/p><\/div><\/div><\/div><\/div><div class=\"wpb_column vc_column_container vc_col-sm-6\"><div class=\"vc_column-inner\"><div class=\"wpb_wrapper\">\n\t<div  class=\"wpb_single_image wpb_content_element vc_align_left\">\n\t\t\n\t\t<figure class=\"wpb_wrapper vc_figure\">\n\t\t\t<div class=\"vc_single_image-wrapper   vc_box_border_grey\"><img loading=\"lazy\" decoding=\"async\" width=\"1036\" height=\"638\" src=\"http:\/\/www.minepatisserie.com\/wp-content\/uploads\/2023\/10\/pasta.jpg\" class=\"vc_single_image-img attachment-full\" alt=\"\" srcset=\"http:\/\/www.minepatisserie.com\/wp-content\/uploads\/2023\/10\/pasta.jpg 1036w, http:\/\/www.minepatisserie.com\/wp-content\/uploads\/2023\/10\/pasta-300x185.jpg 300w, http:\/\/www.minepatisserie.com\/wp-content\/uploads\/2023\/10\/pasta-1024x631.jpg 1024w, http:\/\/www.minepatisserie.com\/wp-content\/uploads\/2023\/10\/pasta-768x473.jpg 768w\" sizes=\"auto, (max-width: 1036px) 100vw, 1036px\" \/><\/div>\n\t\t<\/figure>\n\t<\/div>\n<\/div><\/div><\/div><\/div><div class=\"vc_row-full-width vc_clearfix\"><\/div><div class=\"vc_row wpb_row vc_row-fluid\"><div class=\"wpb_column vc_column_container vc_col-sm-12\"><div class=\"vc_column-inner\"><div class=\"wpb_wrapper\"><div class=\"vc_separator wpb_content_element vc_separator_align_center vc_sep_width_100 vc_sep_pos_align_center vc_separator_no_text vc_sep_color_grey\" ><span class=\"vc_sep_holder vc_sep_holder_l\"><span  class=\"vc_sep_line\"><\/span><\/span><span class=\"vc_sep_holder vc_sep_holder_r\"><span  class=\"vc_sep_line\"><\/span><\/span>\n<\/div><h2 style=\"font-size: 32px;text-align: left;font-family:Exo;font-weight:700;font-style:normal\" class=\"vc_custom_heading\" >Instagram Sayfam\u0131z<\/h2>\n\t<div class=\"wpb_raw_code wpb_content_element wpb_raw_html\" >\n\t\t<div class=\"wpb_wrapper\">\n\t\t\t\n<div id=\"sb_instagram\"  class=\"sbi sbi_mob_col_1 sbi_tab_col_2 sbi_col_4 sbi_width_resp\" style=\"padding-bottom: 10px;\" data-feedid=\"*1\"  data-res=\"auto\" data-cols=\"4\" data-colsmobile=\"1\" data-colstablet=\"2\" data-num=\"20\" data-nummobile=\"20\" data-item-padding=\"5\" data-shortcode-atts=\"{&quot;feed&quot;:&quot;1&quot;}\"  data-postid=\"9\" data-locatornonce=\"9314fe2d46\" data-sbi-flags=\"favorLocal\">\n\t\n    <div id=\"sbi_images\"  style=\"gap: 10px;\">\n\t\t    <\/div>\n\n\t<div id=\"sbi_load\" >\n\n\t\n\t\t\t<span class=\"sbi_follow_btn sbi_custom\">\n        <a href=\"https:\/\/www.instagram.com\/24938513112414169\/\" style=\"background: rgb(64,139,209);\" target=\"_blank\" rel=\"nofollow noopener\">\n            <svg class=\"svg-inline--fa fa-instagram fa-w-14\" aria-hidden=\"true\" data-fa-processed=\"\" aria-label=\"Instagram\" data-prefix=\"fab\" data-icon=\"instagram\" role=\"img\" viewBox=\"0 0 448 512\">\n\t                <path fill=\"currentColor\" d=\"M224.1 141c-63.6 0-114.9 51.3-114.9 114.9s51.3 114.9 114.9 114.9S339 319.5 339 255.9 287.7 141 224.1 141zm0 189.6c-41.1 0-74.7-33.5-74.7-74.7s33.5-74.7 74.7-74.7 74.7 33.5 74.7 74.7-33.6 74.7-74.7 74.7zm146.4-194.3c0 14.9-12 26.8-26.8 26.8-14.9 0-26.8-12-26.8-26.8s12-26.8 26.8-26.8 26.8 12 26.8 26.8zm76.1 27.2c-1.7-35.9-9.9-67.7-36.2-93.9-26.2-26.2-58-34.4-93.9-36.2-37-2.1-147.9-2.1-184.9 0-35.8 1.7-67.6 9.9-93.9 36.1s-34.4 58-36.2 93.9c-2.1 37-2.1 147.9 0 184.9 1.7 35.9 9.9 67.7 36.2 93.9s58 34.4 93.9 36.2c37 2.1 147.9 2.1 184.9 0 35.9-1.7 67.7-9.9 93.9-36.2 26.2-26.2 34.4-58 36.2-93.9 2.1-37 2.1-147.8 0-184.8zM398.8 388c-7.8 19.6-22.9 34.7-42.6 42.6-29.5 11.7-99.5 9-132.1 9s-102.7 2.6-132.1-9c-19.6-7.8-34.7-22.9-42.6-42.6-11.7-29.5-9-99.5-9-132.1s-2.6-102.7 9-132.1c7.8-19.6 22.9-34.7 42.6-42.6 29.5-11.7 99.5-9 132.1-9s102.7-2.6 132.1 9c19.6 7.8 34.7 22.9 42.6 42.6 11.7 29.5 9 99.5 9 132.1s2.7 102.7-9 132.1z\"><\/path>\n\t            <\/svg>            <span>Bizi Takip Edin<\/span>\n        <\/a>\n    <\/span>\n\t\n<\/div>\n\n\t    <span class=\"sbi_resized_image_data\" data-feed-id=\"*1\" data-resized=\"[]\">\n\t<\/span>\n\t<\/div>\n\n\n\t\t<\/div>\n\t<\/div>\n<\/div><\/div><\/div><\/div><div data-vc-full-width=\"true\" data-vc-full-width-init=\"false\" class=\"vc_row wpb_row vc_row-fluid vc_custom_1695729054463 vc_row-has-fill vc_row-o-full-height vc_row-o-columns-middle vc_row-flex\"><div class=\"wpb_column vc_column_container vc_col-sm-12\"><div class=\"vc_column-inner\"><div class=\"wpb_wrapper\"><div class=\"row\"><div class=\"col-md-3 col-sm-6\"><div class=\"fun-factor\"><img decoding=\"async\" src=\"http:\/\/www.minepatisserie.com\/wp-content\/uploads\/2023\/09\/01.png\" class=\"img-responsive\" alt=\"\"><h5 class=\"color-white\">\u00dcr\u00fcn \u00c7e\u015fidimiz<\/h5><span class=\"color-white counter\">20<\/span><\/div><\/div><div class=\"col-md-3 col-sm-6\"><div class=\"fun-factor\"><img decoding=\"async\" src=\"http:\/\/www.minepatisserie.com\/wp-content\/uploads\/2023\/09\/02-2.png\" class=\"img-responsive\" alt=\"\"><h5 class=\"color-white\">Mutlu M\u00fc\u015fterilerimiz<\/h5><span class=\"color-white counter\">10.000<\/span><\/div><\/div><div class=\"col-md-3 col-sm-6\"><div class=\"fun-factor\"><img decoding=\"async\" src=\"http:\/\/www.minepatisserie.com\/wp-content\/uploads\/2023\/09\/03-2.png\" class=\"img-responsive\" alt=\"\"><h5 class=\"color-white\">Emek Y\u0131l\u0131m\u0131z<\/h5><span class=\"color-white counter\">24<\/span><\/div><\/div><div class=\"col-md-3 col-sm-6\"><div class=\"fun-factor\"><img decoding=\"async\" src=\"http:\/\/www.minepatisserie.com\/wp-content\/uploads\/2023\/09\/04-1.png\" class=\"img-responsive\" alt=\"\"><h5 class=\"color-white\">\u00c7al\u0131\u015fan Say\u0131m\u0131z<\/h5><span class=\"color-white counter\">25<\/span><\/div><\/div><\/div><\/div><\/div><\/div><\/div><div class=\"vc_row-full-width vc_clearfix\"><\/div><div class=\"vc_row wpb_row vc_row-fluid vc_custom_1698580521082\"><div class=\"wpb_column vc_column_container vc_col-sm-12\"><div class=\"vc_column-inner\"><div class=\"wpb_wrapper\">\n\t<div class=\"wpb_raw_code wpb_content_element wpb_raw_html\" >\n\t\t<div class=\"wpb_wrapper\">\n\t\t\t<div style=\"width:100%\">\n\t\t\t\t\n\t\t<img loading=\"lazy\" decoding=\"async\" class=\"wp-image-920 alignleft\" src=\"https:\/\/cinarfirin.com\/wp-content\/uploads\/2023\/08\/ab.jpg\" alt=\"\" width=\"89\" height=\"59\"><div style=\"font-size:15px; line-height: 18px;\"><br>This website was produced under The EU Innovative Entrepreneurship Project funded by the European Union and implemented&nbsp;by NI-CO. <br>Its contents are the sole responsibility of Mine Pastanesi and do not necessarily reflect the views of the European Union.<\/div>\n\t\t\n\t\t\t\t<\/div>\n\t\t<\/div>\n\t<\/div>\n<\/div><\/div><\/div><\/div>\n","protected":false},"excerpt":{"rendered":"","protected":false},"author":1,"featured_media":0,"parent":0,"menu_order":0,"comment_status":"closed","ping_status":"closed","template":"","meta":{"_joinchat":[],"footnotes":""},"class_list":{"1":"page","2":"type-page","3":"status-publish","4":"hentry","5":"post-single "},"_links":{"self":[{"href":"http:\/\/www.minepatisserie.com\/index.php\/wp-json\/wp\/v2\/pages\/9","targetHints":{"allow":["GET"]}}],"collection":[{"href":"http:\/\/www.minepatisserie.com\/index.php\/wp-json\/wp\/v2\/pages"}],"about":[{"href":"http:\/\/www.minepatisserie.com\/index.php\/wp-json\/wp\/v2\/types\/page"}],"author":[{"embeddable":true,"href":"http:\/\/www.minepatisserie.com\/index.php\/wp-json\/wp\/v2\/users\/1"}],"replies":[{"embeddable":true,"href":"http:\/\/www.minepatisserie.com\/index.php\/wp-json\/wp\/v2\/comments?post=9"}],"version-history":[{"count":134,"href":"http:\/\/www.minepatisserie.com\/index.php\/wp-json\/wp\/v2\/pages\/9\/revisions"}],"predecessor-version":[{"id":479,"href":"http:\/\/www.minepatisserie.com\/index.php\/wp-json\/wp\/v2\/pages\/9\/revisions\/479"}],"wp:attachment":[{"href":"http:\/\/www.minepatisserie.com\/index.php\/wp-json\/wp\/v2\/media?parent=9"}],"curies":[{"name":"wp","href":"https:\/\/api.w.org\/{rel}","templated":true}]}}